{"id":107,"date":"2024-10-31T16:17:12","date_gmt":"2024-10-31T19:17:12","guid":{"rendered":"http:\/\/solsabao.com\/lavanderia\/?page_id=107"},"modified":"2025-04-18T15:38:54","modified_gmt":"2025-04-18T18:38:54","slug":"industrial","status":"publish","type":"page","link":"https:\/\/solsabao.com\/lavanderia\/index.php\/industrial\/","title":{"rendered":"Industrial"},"content":{"rendered":"\t\t<div data-elementor-type=\"wp-page\" data-elementor-id=\"107\" class=\"elementor elementor-107\">\n\t\t\t\t<div class=\"elementor-element elementor-element-9e965cf e-flex e-con-boxed wpr-particle-no wpr-jarallax-no wpr-parallax-no wpr-sticky-section-no e-con e-parent\" data-id=\"9e965cf\" data-element_type=\"container\" id=\"topo\" data-settings=\"{&quot;background_background&quot;:&quot;classic&quot;}\">\n\t\t\t\t\t<div class=\"e-con-inner\">\n\t\t\t\t<div class=\"elementor-element elementor-element-f0dfc22 elementor-icon-list--layout-traditional elementor-list-item-link-full_width elementor-widget elementor-widget-icon-list\" data-id=\"f0dfc22\" data-element_type=\"widget\" data-widget_type=\"icon-list.default\">\n\t\t\t\t<div class=\"elementor-widget-container\">\n\t\t\t\t\t<ul class=\"elementor-icon-list-items\">\n\t\t\t\t\t\t\t<li class=\"elementor-icon-list-item\">\n\t\t\t\t\t\t\t\t\t\t\t<span class=\"elementor-icon-list-icon\">\n\t\t\t\t\t\t\t<svg aria-hidden=\"true\" class=\"e-font-icon-svg e-far-building\" viewBox=\"0 0 448 512\" xmlns=\"http:\/\/www.w3.org\/2000\/svg\"><path d=\"M128 148v-40c0-6.6 5.4-12 12-12h40c6.6 0 12 5.4 12 12v40c0 6.6-5.4 12-12 12h-40c-6.6 0-12-5.4-12-12zm140 12h40c6.6 0 12-5.4 12-12v-40c0-6.6-5.4-12-12-12h-40c-6.6 0-12 5.4-12 12v40c0 6.6 5.4 12 12 12zm-128 96h40c6.6 0 12-5.4 12-12v-40c0-6.6-5.4-12-12-12h-40c-6.6 0-12 5.4-12 12v40c0 6.6 5.4 12 12 12zm128 0h40c6.6 0 12-5.4 12-12v-40c0-6.6-5.4-12-12-12h-40c-6.6 0-12 5.4-12 12v40c0 6.6 5.4 12 12 12zm-76 84v-40c0-6.6-5.4-12-12-12h-40c-6.6 0-12 5.4-12 12v40c0 6.6 5.4 12 12 12h40c6.6 0 12-5.4 12-12zm76 12h40c6.6 0 12-5.4 12-12v-40c0-6.6-5.4-12-12-12h-40c-6.6 0-12 5.4-12 12v40c0 6.6 5.4 12 12 12zm180 124v36H0v-36c0-6.6 5.4-12 12-12h19.5V24c0-13.3 10.7-24 24-24h337c13.3 0 24 10.7 24 24v440H436c6.6 0 12 5.4 12 12zM79.5 463H192v-67c0-6.6 5.4-12 12-12h40c6.6 0 12 5.4 12 12v67h112.5V49L80 48l-.5 415z\"><\/path><\/svg>\t\t\t\t\t\t<\/span>\n\t\t\t\t\t\t\t\t\t\t<span class=\"elementor-icon-list-text\">Industrial<\/span>\n\t\t\t\t\t\t\t\t\t<\/li>\n\t\t\t\t\t\t<\/ul>\n\t\t\t\t<\/div>\n\t\t\t\t<\/div>\n\t\t\t\t\t<\/div>\n\t\t\t\t<\/div>\n\t\t<div class=\"elementor-element elementor-element-a3d4f53 e-flex e-con-boxed wpr-particle-no wpr-jarallax-no wpr-parallax-no wpr-sticky-section-no e-con e-parent\" data-id=\"a3d4f53\" data-element_type=\"container\">\n\t\t\t\t\t<div class=\"e-con-inner\">\n\t\t<div class=\"elementor-element elementor-element-df1a220 e-con-full e-flex wpr-particle-no wpr-jarallax-no wpr-parallax-no wpr-sticky-section-no e-con e-child\" data-id=\"df1a220\" data-element_type=\"container\" data-settings=\"{&quot;background_background&quot;:&quot;classic&quot;}\">\n\t\t\t\t<div class=\"elementor-element elementor-element-fdefff0 elementor-align-center elementor-icon-list--layout-traditional elementor-list-item-link-full_width elementor-widget elementor-widget-icon-list\" data-id=\"fdefff0\" data-element_type=\"widget\" data-widget_type=\"icon-list.default\">\n\t\t\t\t<div class=\"elementor-widget-container\">\n\t\t\t\t\t<ul class=\"elementor-icon-list-items\">\n\t\t\t\t\t\t\t<li class=\"elementor-icon-list-item\">\n\t\t\t\t\t\t\t\t\t\t\t<span class=\"elementor-icon-list-icon\">\n\t\t\t\t\t\t\t<svg aria-hidden=\"true\" class=\"e-font-icon-svg e-fas-plus\" viewBox=\"0 0 448 512\" xmlns=\"http:\/\/www.w3.org\/2000\/svg\"><path d=\"M416 208H272V64c0-17.67-14.33-32-32-32h-32c-17.67 0-32 14.33-32 32v144H32c-17.67 0-32 14.33-32 32v32c0 17.67 14.33 32 32 32h144v144c0 17.67 14.33 32 32 32h32c17.67 0 32-14.33 32-32V304h144c17.67 0 32-14.33 32-32v-32c0-17.67-14.33-32-32-32z\"><\/path><\/svg>\t\t\t\t\t\t<\/span>\n\t\t\t\t\t\t\t\t\t\t<span class=\"elementor-icon-list-text\">Benef\u00edcios<\/span>\n\t\t\t\t\t\t\t\t\t<\/li>\n\t\t\t\t\t\t<\/ul>\n\t\t\t\t<\/div>\n\t\t\t\t<\/div>\n\t\t\t\t<div class=\"elementor-element elementor-element-2b11e01 elementor-widget elementor-widget-heading\" data-id=\"2b11e01\" data-element_type=\"widget\" data-widget_type=\"heading.default\">\n\t\t\t\t<div class=\"elementor-widget-container\">\n\t\t\t<h2 class=\"elementor-heading-title elementor-size-default\">Terceirize sua lavagem e higieniza\u00e7\u00e3o<\/h2>\t\t<\/div>\n\t\t\t\t<\/div>\n\t\t\t\t<div class=\"elementor-element elementor-element-7237ab4 elementor-widget elementor-widget-text-editor\" data-id=\"7237ab4\" data-element_type=\"widget\" data-widget_type=\"text-editor.default\">\n\t\t\t\t<div class=\"elementor-widget-container\">\n\t\t\t\t\t\t\t<p><span class=\"verdinho\">Nossa empresa S&amp;S Divis\u00e3o Industrial de Lavanderia ajuda a reduzir custos de seu neg\u00f3cio e oferece bem estar a seus funcion\u00e1rios com EPIs limpos e higienizados. Atende laborat\u00f3rios<\/span>, empresas,\u00a0<span class=\"verdinho\">clubes<\/span>, <span class=\"verdinho\">restaurantes, hot\u00e9is, pousadas, Airbnb <\/span>entre outros.<\/p><p><strong>Aproveite! Fale agora com nossos especialistas:<\/strong><\/p>\t\t\t\t\t\t<\/div>\n\t\t\t\t<\/div>\n\t\t\t\t<div class=\"elementor-element elementor-element-02b794b elementor-widget__width-initial elementor-widget elementor-widget-elementskit-button\" data-id=\"02b794b\" data-element_type=\"widget\" data-widget_type=\"elementskit-button.default\">\n\t\t\t\t<div class=\"elementor-widget-container\">\n\t\t\t<div class=\"ekit-wid-con\" >\t\t<div class=\"ekit-btn-wraper\">\n\t\t\t\t\t\t\t<a href=\"https:\/\/wa.me\/5511968311684?text=Contato%20via%20Site%20Sol%26Sab%C3%A3o\" target=\"_blank\" class=\"elementskit-btn  whitespace--normal\" id=\"\">\n\t\t\t\t\tOR\u00c7AMENTO\t\t\t\t<\/a>\n\t\t\t\t\t<\/div>\n        <\/div>\t\t<\/div>\n\t\t\t\t<\/div>\n\t\t\t\t<\/div>\n\t\t<div class=\"elementor-element elementor-element-00a1b6e e-con-full e-flex wpr-particle-no wpr-jarallax-no wpr-parallax-no wpr-sticky-section-no e-con e-child\" data-id=\"00a1b6e\" data-element_type=\"container\" data-settings=\"{&quot;background_background&quot;:&quot;classic&quot;}\">\n\t\t\t\t<div class=\"elementor-element elementor-element-af146de elementor-widget elementor-widget-video\" data-id=\"af146de\" data-element_type=\"widget\" data-settings=\"{&quot;video_type&quot;:&quot;hosted&quot;,&quot;autoplay&quot;:&quot;yes&quot;,&quot;play_on_mobile&quot;:&quot;yes&quot;,&quot;mute&quot;:&quot;yes&quot;,&quot;loop&quot;:&quot;yes&quot;}\" data-widget_type=\"video.default\">\n\t\t\t\t<div class=\"elementor-widget-container\">\n\t\t\t\t\t<div class=\"e-hosted-video elementor-wrapper elementor-open-inline\">\n\t\t\t\t\t<video class=\"elementor-video\" src=\"http:\/\/solsabao.com\/lavanderia\/wp-content\/uploads\/2024\/11\/industrial.mp4\" autoplay=\"\" loop=\"\" muted=\"muted\" playsinline=\"\" controlsList=\"nodownload\"><\/video>\n\t\t\t\t<\/div>\n\t\t\t\t<\/div>\n\t\t\t\t<\/div>\n\t\t\t\t<\/div>\n\t\t\t\t\t<\/div>\n\t\t\t\t<\/div>\n\t\t<div class=\"elementor-element elementor-element-86d87db e-flex e-con-boxed wpr-particle-no wpr-jarallax-no wpr-parallax-no wpr-sticky-section-no e-con e-parent\" data-id=\"86d87db\" data-element_type=\"container\">\n\t\t\t\t\t<div class=\"e-con-inner\">\n\t\t\t\t<div class=\"elementor-element elementor-element-857aaf0 elementor-widget elementor-widget-image\" data-id=\"857aaf0\" data-element_type=\"widget\" data-widget_type=\"image.default\">\n\t\t\t\t<div class=\"elementor-widget-container\">\n\t\t\t\t\t\t\t\t\t\t\t\t\t<img fetchpriority=\"high\" decoding=\"async\" width=\"1200\" height=\"612\" src=\"https:\/\/solsabao.com\/lavanderia\/wp-content\/uploads\/2024\/11\/banner_segmento.jpg\" class=\"attachment-full size-full wp-image-1496\" alt=\"\" srcset=\"https:\/\/solsabao.com\/lavanderia\/wp-content\/uploads\/2024\/11\/banner_segmento.jpg 1200w, https:\/\/solsabao.com\/lavanderia\/wp-content\/uploads\/2024\/11\/banner_segmento-300x153.jpg 300w, https:\/\/solsabao.com\/lavanderia\/wp-content\/uploads\/2024\/11\/banner_segmento-1024x522.jpg 1024w, https:\/\/solsabao.com\/lavanderia\/wp-content\/uploads\/2024\/11\/banner_segmento-768x392.jpg 768w\" sizes=\"(max-width: 1200px) 100vw, 1200px\" \/>\t\t\t\t\t\t\t\t\t\t\t\t\t<\/div>\n\t\t\t\t<\/div>\n\t\t\t\t\t<\/div>\n\t\t\t\t<\/div>\n\t\t<div class=\"elementor-element elementor-element-59ac0d1 e-flex e-con-boxed wpr-particle-no wpr-jarallax-no wpr-parallax-no wpr-sticky-section-no e-con e-parent\" data-id=\"59ac0d1\" data-element_type=\"container\">\n\t\t\t\t\t<div class=\"e-con-inner\">\n\t\t<div class=\"elementor-element elementor-element-a72e0c0 e-con-full e-flex wpr-particle-no wpr-jarallax-no wpr-parallax-no wpr-sticky-section-no e-con e-child\" data-id=\"a72e0c0\" data-element_type=\"container\">\n\t\t\t\t<div class=\"elementor-element elementor-element-fbd52f7 elementor-align-center elementor-icon-list--layout-traditional elementor-list-item-link-full_width elementor-widget elementor-widget-icon-list\" data-id=\"fbd52f7\" data-element_type=\"widget\" data-widget_type=\"icon-list.default\">\n\t\t\t\t<div class=\"elementor-widget-container\">\n\t\t\t\t\t<ul class=\"elementor-icon-list-items\">\n\t\t\t\t\t\t\t<li class=\"elementor-icon-list-item\">\n\t\t\t\t\t\t\t\t\t\t<span class=\"elementor-icon-list-text\">Divis\u00e3o de Roupas Brancas<\/span>\n\t\t\t\t\t\t\t\t\t<\/li>\n\t\t\t\t\t\t<\/ul>\n\t\t\t\t<\/div>\n\t\t\t\t<\/div>\n\t\t\t\t<div class=\"elementor-element elementor-element-8da2706 elementor-widget elementor-widget-text-editor\" data-id=\"8da2706\" data-element_type=\"widget\" data-widget_type=\"text-editor.default\">\n\t\t\t\t<div class=\"elementor-widget-container\">\n\t\t\t\t\t\t\t<p>A nossa Usina Central tem uma \u00e1rea especialmente destinada \u00e0 lavagem e passadoria de roupas brancas, para assegurar um tratamento espec\u00edfico diferenciado a cada pe\u00e7a, inclusive com a utiliza\u00e7\u00e3o de anti-bactericidas.<\/p>\t\t\t\t\t\t<\/div>\n\t\t\t\t<\/div>\n\t\t\t\t<\/div>\n\t\t<div class=\"elementor-element elementor-element-1a2fddc e-con-full e-flex wpr-particle-no wpr-jarallax-no wpr-parallax-no wpr-sticky-section-no e-con e-child\" data-id=\"1a2fddc\" data-element_type=\"container\">\n\t\t\t\t<div class=\"elementor-element elementor-element-0bc7d88 elementor-align-center elementor-icon-list--layout-traditional elementor-list-item-link-full_width elementor-widget elementor-widget-icon-list\" data-id=\"0bc7d88\" data-element_type=\"widget\" data-widget_type=\"icon-list.default\">\n\t\t\t\t<div class=\"elementor-widget-container\">\n\t\t\t\t\t<ul class=\"elementor-icon-list-items\">\n\t\t\t\t\t\t\t<li class=\"elementor-icon-list-item\">\n\t\t\t\t\t\t\t\t\t\t<span class=\"elementor-icon-list-text\">Divis\u00e3o de cama, mesa e banho<\/span>\n\t\t\t\t\t\t\t\t\t<\/li>\n\t\t\t\t\t\t<\/ul>\n\t\t\t\t<\/div>\n\t\t\t\t<\/div>\n\t\t\t\t<div class=\"elementor-element elementor-element-e35c21d elementor-widget elementor-widget-text-editor\" data-id=\"e35c21d\" data-element_type=\"widget\" data-widget_type=\"text-editor.default\">\n\t\t\t\t<div class=\"elementor-widget-container\">\n\t\t\t\t\t\t\t<p>As pe\u00e7as de cama, mesa e banho exigem um tratamento especial, inclusive pelos seus detalhes de acabamento. Temos uma equipe especialmente treinada para atuar com estes produtos.<\/p>\t\t\t\t\t\t<\/div>\n\t\t\t\t<\/div>\n\t\t\t\t<\/div>\n\t\t\t\t\t<\/div>\n\t\t\t\t<\/div>\n\t\t<div class=\"elementor-element elementor-element-e65a874 e-flex e-con-boxed wpr-particle-no wpr-jarallax-no wpr-parallax-no wpr-sticky-section-no e-con e-parent\" data-id=\"e65a874\" data-element_type=\"container\" data-settings=\"{&quot;background_background&quot;:&quot;classic&quot;}\">\n\t\t\t\t\t<div class=\"e-con-inner\">\n\t\t<div class=\"elementor-element elementor-element-765b2c5 e-con-full e-flex wpr-particle-no wpr-jarallax-no wpr-parallax-no wpr-sticky-section-no e-con e-child\" data-id=\"765b2c5\" data-element_type=\"container\">\n\t\t\t\t<\/div>\n\t\t<div class=\"elementor-element elementor-element-7d08b9b e-con-full e-flex wpr-particle-no wpr-jarallax-no wpr-parallax-no wpr-sticky-section-no e-con e-child\" data-id=\"7d08b9b\" data-element_type=\"container\">\n\t\t\t\t<div class=\"elementor-element elementor-element-53d31d6 elementor-invisible elementor-widget elementor-widget-image\" data-id=\"53d31d6\" data-element_type=\"widget\" data-settings=\"{&quot;_animation&quot;:&quot;bounceIn&quot;,&quot;_animation_delay&quot;:1000}\" data-widget_type=\"image.default\">\n\t\t\t\t<div class=\"elementor-widget-container\">\n\t\t\t\t\t\t\t\t\t\t\t\t\t<img decoding=\"async\" width=\"432\" height=\"471\" src=\"https:\/\/solsabao.com\/lavanderia\/wp-content\/uploads\/2024\/11\/selo.png\" class=\"attachment-full size-full wp-image-802\" alt=\"\" srcset=\"https:\/\/solsabao.com\/lavanderia\/wp-content\/uploads\/2024\/11\/selo.png 432w, https:\/\/solsabao.com\/lavanderia\/wp-content\/uploads\/2024\/11\/selo-275x300.png 275w\" sizes=\"(max-width: 432px) 100vw, 432px\" \/>\t\t\t\t\t\t\t\t\t\t\t\t\t<\/div>\n\t\t\t\t<\/div>\n\t\t\t\t<\/div>\n\t\t<div class=\"elementor-element elementor-element-a156d91 e-con-full e-flex wpr-particle-no wpr-jarallax-no wpr-parallax-no wpr-sticky-section-no e-con e-child\" data-id=\"a156d91\" data-element_type=\"container\">\n\t\t\t\t<div class=\"elementor-element elementor-element-cc4f847 elementor-invisible elementor-widget elementor-widget-image\" data-id=\"cc4f847\" data-element_type=\"widget\" data-settings=\"{&quot;_animation&quot;:&quot;slideInLeft&quot;}\" data-widget_type=\"image.default\">\n\t\t\t\t<div class=\"elementor-widget-container\">\n\t\t\t\t\t\t\t\t\t\t\t\t\t<img decoding=\"async\" width=\"1005\" height=\"414\" src=\"https:\/\/solsabao.com\/lavanderia\/wp-content\/uploads\/2024\/11\/industrial.png\" class=\"attachment-full size-full wp-image-801\" alt=\"\" srcset=\"https:\/\/solsabao.com\/lavanderia\/wp-content\/uploads\/2024\/11\/industrial.png 1005w, https:\/\/solsabao.com\/lavanderia\/wp-content\/uploads\/2024\/11\/industrial-300x124.png 300w, https:\/\/solsabao.com\/lavanderia\/wp-content\/uploads\/2024\/11\/industrial-768x316.png 768w\" sizes=\"(max-width: 1005px) 100vw, 1005px\" \/>\t\t\t\t\t\t\t\t\t\t\t\t\t<\/div>\n\t\t\t\t<\/div>\n\t\t\t\t<\/div>\n\t\t\t\t\t<\/div>\n\t\t\t\t<\/div>\n\t\t\t\t<\/div>\n\t\t","protected":false},"excerpt":{"rendered":"<p>Industrial Benef\u00edcios Terceirize sua lavagem e higieniza\u00e7\u00e3o Nossa empresa S&amp;S Divis\u00e3o Industrial de Lavanderia ajuda a reduzir custos de seu neg\u00f3cio e oferece bem estar a seus funcion\u00e1rios com EPIs limpos e higienizados. Atende laborat\u00f3rios, empresas,\u00a0clubes, restaurantes, hot\u00e9is, pousadas, Airbnb entre outros. Aproveite! Fale agora com nossos especialistas: OR\u00c7AMENTO http:\/\/solsabao.com\/lavanderia\/wp-content\/uploads\/2024\/11\/industrial.mp4 Divis\u00e3o de Roupas Brancas A nossa Usina Central tem uma \u00e1rea especialmente destinada \u00e0 lavagem e passadoria de roupas brancas, para assegurar um tratamento espec\u00edfico diferenciado a cada pe\u00e7a, inclusive com a utiliza\u00e7\u00e3o de anti-bactericidas. Divis\u00e3o de cama, mesa e banho As pe\u00e7as de cama, mesa e banho exigem um tratamento especial, inclusive pelos seus detalhes de acabamento. Temos uma equipe especialmente treinada para atuar com estes produtos.<\/p>\n","protected":false},"author":1,"featured_media":0,"parent":0,"menu_order":0,"comment_status":"closed","ping_status":"closed","template":"","meta":{"footnotes":""},"class_list":["post-107","page","type-page","status-publish","hentry"],"yoast_head":"<!-- This site is optimized with the Yoast SEO plugin v23.8 - https:\/\/yoast.com\/wordpress\/plugins\/seo\/ -->\n<title>Industrial - Sol&amp;Sab\u00e3o<\/title>\n<meta name=\"robots\" content=\"index, follow, max-snippet:-1, max-image-preview:large, max-video-preview:-1\" \/>\n<link rel=\"canonical\" href=\"https:\/\/solsabao.com\/lavanderia\/index.php\/industrial\/\" \/>\n<meta property=\"og:locale\" content=\"en_US\" \/>\n<meta property=\"og:type\" content=\"article\" \/>\n<meta property=\"og:title\" content=\"Industrial - Sol&amp;Sab\u00e3o\" \/>\n<meta property=\"og:description\" content=\"Industrial Benef\u00edcios Terceirize sua lavagem e higieniza\u00e7\u00e3o Nossa empresa S&amp;S Divis\u00e3o Industrial de Lavanderia ajuda a reduzir custos de seu neg\u00f3cio e oferece bem estar a seus funcion\u00e1rios com EPIs limpos e higienizados. Atende laborat\u00f3rios, empresas,\u00a0clubes, restaurantes, hot\u00e9is, pousadas, Airbnb entre outros. Aproveite! Fale agora com nossos especialistas: OR\u00c7AMENTO http:\/\/solsabao.com\/lavanderia\/wp-content\/uploads\/2024\/11\/industrial.mp4 Divis\u00e3o de Roupas Brancas A nossa Usina Central tem uma \u00e1rea especialmente destinada \u00e0 lavagem e passadoria de roupas brancas, para assegurar um tratamento espec\u00edfico diferenciado a cada pe\u00e7a, inclusive com a utiliza\u00e7\u00e3o de anti-bactericidas. Divis\u00e3o de cama, mesa e banho As pe\u00e7as de cama, mesa e banho exigem um tratamento especial, inclusive pelos seus detalhes de acabamento. Temos uma equipe especialmente treinada para atuar com estes produtos.\" \/>\n<meta property=\"og:url\" content=\"https:\/\/solsabao.com\/lavanderia\/index.php\/industrial\/\" \/>\n<meta property=\"og:site_name\" content=\"Sol&amp;Sab\u00e3o\" \/>\n<meta property=\"article:publisher\" content=\"https:\/\/www.facebook.com\/vemprasolsabao\" \/>\n<meta property=\"article:modified_time\" content=\"2025-04-18T18:38:54+00:00\" \/>\n<meta property=\"og:image\" content=\"http:\/\/solsabao.com\/lavanderia\/wp-content\/uploads\/2024\/11\/banner_segmento.jpg\" \/>\n<meta name=\"twitter:card\" content=\"summary_large_image\" \/>\n<meta name=\"twitter:label1\" content=\"Est. reading time\" \/>\n\t<meta name=\"twitter:data1\" content=\"2 minutes\" \/>\n<script type=\"application\/ld+json\" class=\"yoast-schema-graph\">{\"@context\":\"https:\/\/schema.org\",\"@graph\":[{\"@type\":\"WebPage\",\"@id\":\"https:\/\/solsabao.com\/lavanderia\/index.php\/industrial\/\",\"url\":\"https:\/\/solsabao.com\/lavanderia\/index.php\/industrial\/\",\"name\":\"Industrial - Sol&amp;Sab\u00e3o\",\"isPartOf\":{\"@id\":\"https:\/\/solsabao.com\/lavanderia\/#website\"},\"primaryImageOfPage\":{\"@id\":\"https:\/\/solsabao.com\/lavanderia\/index.php\/industrial\/#primaryimage\"},\"image\":{\"@id\":\"https:\/\/solsabao.com\/lavanderia\/index.php\/industrial\/#primaryimage\"},\"thumbnailUrl\":\"http:\/\/solsabao.com\/lavanderia\/wp-content\/uploads\/2024\/11\/banner_segmento.jpg\",\"datePublished\":\"2024-10-31T19:17:12+00:00\",\"dateModified\":\"2025-04-18T18:38:54+00:00\",\"breadcrumb\":{\"@id\":\"https:\/\/solsabao.com\/lavanderia\/index.php\/industrial\/#breadcrumb\"},\"inLanguage\":\"en-US\",\"potentialAction\":[{\"@type\":\"ReadAction\",\"target\":[\"https:\/\/solsabao.com\/lavanderia\/index.php\/industrial\/\"]}]},{\"@type\":\"ImageObject\",\"inLanguage\":\"en-US\",\"@id\":\"https:\/\/solsabao.com\/lavanderia\/index.php\/industrial\/#primaryimage\",\"url\":\"https:\/\/solsabao.com\/lavanderia\/wp-content\/uploads\/2024\/11\/banner_segmento.jpg\",\"contentUrl\":\"https:\/\/solsabao.com\/lavanderia\/wp-content\/uploads\/2024\/11\/banner_segmento.jpg\",\"width\":1200,\"height\":612},{\"@type\":\"BreadcrumbList\",\"@id\":\"https:\/\/solsabao.com\/lavanderia\/index.php\/industrial\/#breadcrumb\",\"itemListElement\":[{\"@type\":\"ListItem\",\"position\":1,\"name\":\"In\u00edcio\",\"item\":\"https:\/\/solsabao.com\/lavanderia\/\"},{\"@type\":\"ListItem\",\"position\":2,\"name\":\"Industrial\"}]},{\"@type\":\"WebSite\",\"@id\":\"https:\/\/solsabao.com\/lavanderia\/#website\",\"url\":\"https:\/\/solsabao.com\/lavanderia\/\",\"name\":\"Sol&Sab\u00e3o\",\"description\":\"Lavanderia\",\"publisher\":{\"@id\":\"https:\/\/solsabao.com\/lavanderia\/#organization\"},\"potentialAction\":[{\"@type\":\"SearchAction\",\"target\":{\"@type\":\"EntryPoint\",\"urlTemplate\":\"https:\/\/solsabao.com\/lavanderia\/?s={search_term_string}\"},\"query-input\":{\"@type\":\"PropertyValueSpecification\",\"valueRequired\":true,\"valueName\":\"search_term_string\"}}],\"inLanguage\":\"en-US\"},{\"@type\":\"Organization\",\"@id\":\"https:\/\/solsabao.com\/lavanderia\/#organization\",\"name\":\"Sol&Sab\u00e3o Lavanderia\",\"url\":\"https:\/\/solsabao.com\/lavanderia\/\",\"logo\":{\"@type\":\"ImageObject\",\"inLanguage\":\"en-US\",\"@id\":\"https:\/\/solsabao.com\/lavanderia\/#\/schema\/logo\/image\/\",\"url\":\"https:\/\/solsabao.com\/lavanderia\/wp-content\/uploads\/2024\/10\/logo.png\",\"contentUrl\":\"https:\/\/solsabao.com\/lavanderia\/wp-content\/uploads\/2024\/10\/logo.png\",\"width\":181,\"height\":65,\"caption\":\"Sol&Sab\u00e3o Lavanderia\"},\"image\":{\"@id\":\"https:\/\/solsabao.com\/lavanderia\/#\/schema\/logo\/image\/\"},\"sameAs\":[\"https:\/\/www.facebook.com\/vemprasolsabao\",\"https:\/\/www.instagram.com\/solsabao\/\",\"https:\/\/www.tiktok.com\/@vemprasolsabao\",\"https:\/\/www.youtube.com\/@solsabao\"]}]}<\/script>\n<!-- \/ Yoast SEO plugin. -->","yoast_head_json":{"title":"Industrial - Sol&amp;Sab\u00e3o","robots":{"index":"index","follow":"follow","max-snippet":"max-snippet:-1","max-image-preview":"max-image-preview:large","max-video-preview":"max-video-preview:-1"},"canonical":"https:\/\/solsabao.com\/lavanderia\/index.php\/industrial\/","og_locale":"en_US","og_type":"article","og_title":"Industrial - Sol&amp;Sab\u00e3o","og_description":"Industrial Benef\u00edcios Terceirize sua lavagem e higieniza\u00e7\u00e3o Nossa empresa S&amp;S Divis\u00e3o Industrial de Lavanderia ajuda a reduzir custos de seu neg\u00f3cio e oferece bem estar a seus funcion\u00e1rios com EPIs limpos e higienizados. Atende laborat\u00f3rios, empresas,\u00a0clubes, restaurantes, hot\u00e9is, pousadas, Airbnb entre outros. Aproveite! Fale agora com nossos especialistas: OR\u00c7AMENTO http:\/\/solsabao.com\/lavanderia\/wp-content\/uploads\/2024\/11\/industrial.mp4 Divis\u00e3o de Roupas Brancas A nossa Usina Central tem uma \u00e1rea especialmente destinada \u00e0 lavagem e passadoria de roupas brancas, para assegurar um tratamento espec\u00edfico diferenciado a cada pe\u00e7a, inclusive com a utiliza\u00e7\u00e3o de anti-bactericidas. Divis\u00e3o de cama, mesa e banho As pe\u00e7as de cama, mesa e banho exigem um tratamento especial, inclusive pelos seus detalhes de acabamento. Temos uma equipe especialmente treinada para atuar com estes produtos.","og_url":"https:\/\/solsabao.com\/lavanderia\/index.php\/industrial\/","og_site_name":"Sol&amp;Sab\u00e3o","article_publisher":"https:\/\/www.facebook.com\/vemprasolsabao","article_modified_time":"2025-04-18T18:38:54+00:00","og_image":[{"url":"http:\/\/solsabao.com\/lavanderia\/wp-content\/uploads\/2024\/11\/banner_segmento.jpg"}],"twitter_card":"summary_large_image","twitter_misc":{"Est. reading time":"2 minutes"},"schema":{"@context":"https:\/\/schema.org","@graph":[{"@type":"WebPage","@id":"https:\/\/solsabao.com\/lavanderia\/index.php\/industrial\/","url":"https:\/\/solsabao.com\/lavanderia\/index.php\/industrial\/","name":"Industrial - Sol&amp;Sab\u00e3o","isPartOf":{"@id":"https:\/\/solsabao.com\/lavanderia\/#website"},"primaryImageOfPage":{"@id":"https:\/\/solsabao.com\/lavanderia\/index.php\/industrial\/#primaryimage"},"image":{"@id":"https:\/\/solsabao.com\/lavanderia\/index.php\/industrial\/#primaryimage"},"thumbnailUrl":"http:\/\/solsabao.com\/lavanderia\/wp-content\/uploads\/2024\/11\/banner_segmento.jpg","datePublished":"2024-10-31T19:17:12+00:00","dateModified":"2025-04-18T18:38:54+00:00","breadcrumb":{"@id":"https:\/\/solsabao.com\/lavanderia\/index.php\/industrial\/#breadcrumb"},"inLanguage":"en-US","potentialAction":[{"@type":"ReadAction","target":["https:\/\/solsabao.com\/lavanderia\/index.php\/industrial\/"]}]},{"@type":"ImageObject","inLanguage":"en-US","@id":"https:\/\/solsabao.com\/lavanderia\/index.php\/industrial\/#primaryimage","url":"https:\/\/solsabao.com\/lavanderia\/wp-content\/uploads\/2024\/11\/banner_segmento.jpg","contentUrl":"https:\/\/solsabao.com\/lavanderia\/wp-content\/uploads\/2024\/11\/banner_segmento.jpg","width":1200,"height":612},{"@type":"BreadcrumbList","@id":"https:\/\/solsabao.com\/lavanderia\/index.php\/industrial\/#breadcrumb","itemListElement":[{"@type":"ListItem","position":1,"name":"In\u00edcio","item":"https:\/\/solsabao.com\/lavanderia\/"},{"@type":"ListItem","position":2,"name":"Industrial"}]},{"@type":"WebSite","@id":"https:\/\/solsabao.com\/lavanderia\/#website","url":"https:\/\/solsabao.com\/lavanderia\/","name":"Sol&Sab\u00e3o","description":"Lavanderia","publisher":{"@id":"https:\/\/solsabao.com\/lavanderia\/#organization"},"potentialAction":[{"@type":"SearchAction","target":{"@type":"EntryPoint","urlTemplate":"https:\/\/solsabao.com\/lavanderia\/?s={search_term_string}"},"query-input":{"@type":"PropertyValueSpecification","valueRequired":true,"valueName":"search_term_string"}}],"inLanguage":"en-US"},{"@type":"Organization","@id":"https:\/\/solsabao.com\/lavanderia\/#organization","name":"Sol&Sab\u00e3o Lavanderia","url":"https:\/\/solsabao.com\/lavanderia\/","logo":{"@type":"ImageObject","inLanguage":"en-US","@id":"https:\/\/solsabao.com\/lavanderia\/#\/schema\/logo\/image\/","url":"https:\/\/solsabao.com\/lavanderia\/wp-content\/uploads\/2024\/10\/logo.png","contentUrl":"https:\/\/solsabao.com\/lavanderia\/wp-content\/uploads\/2024\/10\/logo.png","width":181,"height":65,"caption":"Sol&Sab\u00e3o Lavanderia"},"image":{"@id":"https:\/\/solsabao.com\/lavanderia\/#\/schema\/logo\/image\/"},"sameAs":["https:\/\/www.facebook.com\/vemprasolsabao","https:\/\/www.instagram.com\/solsabao\/","https:\/\/www.tiktok.com\/@vemprasolsabao","https:\/\/www.youtube.com\/@solsabao"]}]}},"_links":{"self":[{"href":"https:\/\/solsabao.com\/lavanderia\/index.php\/wp-json\/wp\/v2\/pages\/107","targetHints":{"allow":["GET"]}}],"collection":[{"href":"https:\/\/solsabao.com\/lavanderia\/index.php\/wp-json\/wp\/v2\/pages"}],"about":[{"href":"https:\/\/solsabao.com\/lavanderia\/index.php\/wp-json\/wp\/v2\/types\/page"}],"author":[{"embeddable":true,"href":"https:\/\/solsabao.com\/lavanderia\/index.php\/wp-json\/wp\/v2\/users\/1"}],"replies":[{"embeddable":true,"href":"https:\/\/solsabao.com\/lavanderia\/index.php\/wp-json\/wp\/v2\/comments?post=107"}],"version-history":[{"count":64,"href":"https:\/\/solsabao.com\/lavanderia\/index.php\/wp-json\/wp\/v2\/pages\/107\/revisions"}],"predecessor-version":[{"id":1701,"href":"https:\/\/solsabao.com\/lavanderia\/index.php\/wp-json\/wp\/v2\/pages\/107\/revisions\/1701"}],"wp:attachment":[{"href":"https:\/\/solsabao.com\/lavanderia\/index.php\/wp-json\/wp\/v2\/media?parent=107"}],"curies":[{"name":"wp","href":"https:\/\/api.w.org\/{rel}","templated":true}]}}